{"id":103677,"date":"2023-05-13T14:07:54","date_gmt":"2023-05-13T11:07:54","guid":{"rendered":"https:\/\/uap-athens.com\/ektheseis\/"},"modified":"2026-04-17T17:34:26","modified_gmt":"2026-04-17T14:34:26","slug":"la-exposicion","status":"publish","type":"page","link":"https:\/\/uap-athens.com\/es\/la-exposicion\/","title":{"rendered":"LA EXPOSICI\u00d3N"},"content":{"rendered":"<div class=\"wpb-content-wrapper\"><p>[vc_row row_height_percent=\u00bb0&#8243; override_padding=\u00bbyes\u00bb h_padding=\u00bb2&#8243; top_padding=\u00bb3&#8243; bottom_padding=\u00bb3&#8243; back_color=\u00bbcolor-xsdn\u00bb overlay_alpha=\u00bb50&#8243; gutter_size=\u00bb4&#8243; column_width_percent=\u00bb100&#8243; shift_y=\u00bb0&#8243; z_index=\u00bb0&#8243; uncode_shortcode_id=\u00bb192355&#8243; back_color_type=\u00bbuncode-palette\u00bb][vc_column column_width_percent=\u00bb100&#8243; position_vertical=\u00bbbottom\u00bb align_horizontal=\u00bbalign_center\u00bb gutter_size=\u00bb0&#8243; overlay_alpha=\u00bb50&#8243; shift_x=\u00bb0&#8243; shift_y=\u00bb0&#8243; shift_y_down=\u00bb0&#8243; z_index=\u00bb0&#8243; medium_width=\u00bb0&#8243; mobile_width=\u00bb0&#8243; css_animation=\u00bbalpha-anim\u00bb animation_speed=\u00bb1000&#8243; animation_delay=\u00bb200&#8243; width=\u00bb1\/1&#8243; uncode_shortcode_id=\u00bb118201&#8243;][vc_row_inner row_inner_height_percent=\u00bb0&#8243; overlay_alpha=\u00bb50&#8243; gutter_size=\u00bb4&#8243; shift_y=\u00bb0&#8243; z_index=\u00bb0&#8243; limit_content=\u00bb\u00bb uncode_shortcode_id=\u00bb174711&#8243;][vc_column_inner column_width_percent=\u00bb100&#8243; position_vertical=\u00bbbottom\u00bb gutter_size=\u00bb3&#8243; overlay_alpha=\u00bb50&#8243; shift_x=\u00bb0&#8243; shift_y=\u00bb0&#8243; shift_y_down=\u00bb0&#8243; z_index=\u00bb0&#8243; medium_width=\u00bb0&#8243; mobile_width=\u00bb0&#8243; width=\u00bb1\/1&#8243; uncode_shortcode_id=\u00bb200683&#8243;][vc_custom_heading text_color=\u00bbcolor-gyho\u00bb heading_semantic=\u00bbh6&#8243; text_size=\u00bbfontsize-338686&#8243; text_weight=\u00bb300&#8243; text_space=\u00bbfontspace-111509&#8243; css_animation=\u00bbmarquee\u00bb marquee_clone=\u00bbyes\u00bb marquee_speed=\u00bb0&#8243; uncode_shortcode_id=\u00bb182994&#8243; text_color_type=\u00bbuncode-palette\u00bb]\u2022 Kipseli l ATH \u2022 BCN[\/vc_custom_heading][\/vc_column_inner][\/vc_row_inner][\/vc_column][\/vc_row][vc_row row_height_percent=\u00bb0&#8243; override_padding=\u00bbyes\u00bb h_padding=\u00bb2&#8243; top_padding=\u00bb2&#8243; bottom_padding=\u00bb5&#8243; back_color=\u00bbcolor-gyho\u00bb overlay_alpha=\u00bb50&#8243; gutter_size=\u00bb4&#8243; column_width_percent=\u00bb100&#8243; shift_y=\u00bb0&#8243; z_index=\u00bb0&#8243; uncode_shortcode_id=\u00bb172255&#8243; back_color_type=\u00bbuncode-palette\u00bb][vc_column column_width_percent=\u00bb100&#8243; gutter_size=\u00bb4&#8243; overlay_alpha=\u00bb50&#8243; shift_x=\u00bb0&#8243; shift_y=\u00bb0&#8243; shift_y_down=\u00bb0&#8243; z_index=\u00bb0&#8243; medium_width=\u00bb0&#8243; mobile_width=\u00bb0&#8243; width=\u00bb8\/12&#8243; uncode_shortcode_id=\u00bb166305&#8243;][vc_custom_heading text_size=\u00bbfontsize-155944&#8243; text_weight=\u00bb700&#8243; text_space=\u00bbfontspace-111509&#8243; uncode_shortcode_id=\u00bb211276&#8243;]01 \/ BCN[\/vc_custom_heading][vc_custom_heading heading_semantic=\u00bbh6&#8243; text_size=\u00bbfontsize-319223&#8243; text_weight=\u00bb300&#8243; text_height=\u00bbfontheight-357766&#8243; text_space=\u00bbfontspace-111509&#8243; uncode_shortcode_id=\u00bb524208&#8243;]El <strong>Urban Art Project Athens (UAPA)<\/strong> presenta su nueva exposici\u00f3n en Barcelona, creando un di\u00e1logo fotogr\u00e1fico entre ambas ciudades. La muestra conecta el pulso de <strong>Atenas<\/strong> con la mirada de <strong>Barcelona<\/strong>: un v\u00ednculo visual donde la energ\u00eda cruda de la capital griega se encuentra con la cotidianidad de la metr\u00f3poli catalana, ofreciendo una nueva lectura del paisaje urbano.<\/p>\n<p>&nbsp;<\/p>\n<p><strong>Direcci\u00f3n<\/strong>: Barcelona<br \/>\n<strong>Fecha<\/strong>: Octubre de 2026[\/vc_custom_heading][\/vc_column][vc_column column_width_percent=\u00bb100&#8243; position_vertical=\u00bbbottom\u00bb gutter_size=\u00bb3&#8243; overlay_alpha=\u00bb50&#8243; shift_x=\u00bb0&#8243; shift_y=\u00bb0&#8243; shift_y_down=\u00bb0&#8243; z_index=\u00bb0&#8243; medium_width=\u00bb0&#8243; mobile_width=\u00bb0&#8243; width=\u00bb4\/12&#8243; uncode_shortcode_id=\u00bb108505&#8243;][vc_single_image media=\u00bb103678&#8243; media_lightbox=\u00bbyes\u00bb media_width_percent=\u00bb100&#8243; uncode_shortcode_id=\u00bb443692&#8243;][\/vc_column][\/vc_row][vc_row row_height_percent=\u00bb0&#8243; override_padding=\u00bbyes\u00bb h_padding=\u00bb2&#8243; top_padding=\u00bb2&#8243; bottom_padding=\u00bb5&#8243; back_color=\u00bbcolor-xsdn\u00bb overlay_alpha=\u00bb50&#8243; gutter_size=\u00bb4&#8243; column_width_percent=\u00bb100&#8243; shift_y=\u00bb0&#8243; z_index=\u00bb0&#8243; uncode_shortcode_id=\u00bb668299&#8243; back_color_type=\u00bbuncode-palette\u00bb][vc_column column_width_percent=\u00bb100&#8243; gutter_size=\u00bb4&#8243; overlay_alpha=\u00bb50&#8243; shift_x=\u00bb0&#8243; shift_y=\u00bb0&#8243; shift_y_down=\u00bb0&#8243; z_index=\u00bb0&#8243; medium_width=\u00bb0&#8243; mobile_width=\u00bb0&#8243; width=\u00bb8\/12&#8243; uncode_shortcode_id=\u00bb166305&#8243;][vc_custom_heading text_size=\u00bbfontsize-155944&#8243; text_weight=\u00bb700&#8243; text_space=\u00bbfontspace-111509&#8243; uncode_shortcode_id=\u00bb688408&#8243;]00 \/ \u0391\u03a4\u0397[\/vc_custom_heading][vc_custom_heading heading_semantic=\u00bbh6&#8243; text_size=\u00bbfontsize-319223&#8243; text_weight=\u00bb300&#8243; text_height=\u00bbfontheight-357766&#8243; text_space=\u00bbfontspace-111509&#8243; uncode_shortcode_id=\u00bb241877&#8243;]El <strong>Athens City Festival<\/strong> del<strong> Ayuntamiento de Atenas<\/strong> present\u00f3 el U<em>rban Art Project Athens: Lights of the City<\/em>, una exposici\u00f3n fotogr\u00e1fica dedicada exclusivamente a Atenas.<br \/>\nLa muestra se llev\u00f3 a cabo en 2023 en el Mercado Municipal de Kypseli, del 26 al 31 de mayo, y destac\u00f3 fotograf\u00edas de personas que aman su ciudad y la plasman a trav\u00e9s de su mirada personal. Los visitantes tuvieron la oportunidad de ver Atenas desde <strong>una perspectiva urbana y contempor\u00e1nea<\/strong>: desde sus barrios y contrastes hasta los instantes que iluminan la vida cotidiana.<\/p>\n<p>&nbsp;<\/p>\n<p><strong>Direcci\u00f3n<\/strong>: Fokionos Negri, 42, Atenas.<br \/>\n<strong>Fechas<\/strong>: del 26 al 31 de mayo de 2023<br \/>\n<a href=\"https:\/\/cityfestival.thisisathens.org\/en\/home\/\">Official Website Athens City Festival<\/a><br \/>\n<a href=\"https:\/\/www.cityofathens.gr\/\">Official Website Municipality of Athens<\/a>[\/vc_custom_heading][\/vc_column][vc_column column_width_percent=\u00bb100&#8243; position_vertical=\u00bbbottom\u00bb gutter_size=\u00bb3&#8243; overlay_alpha=\u00bb50&#8243; shift_x=\u00bb0&#8243; shift_y=\u00bb0&#8243; shift_y_down=\u00bb0&#8243; z_index=\u00bb0&#8243; medium_width=\u00bb0&#8243; mobile_width=\u00bb0&#8243; width=\u00bb4\/12&#8243; uncode_shortcode_id=\u00bb580875&#8243;][vc_single_image media=\u00bb103680&#8243; media_lightbox=\u00bbyes\u00bb media_width_percent=\u00bb100&#8243; uncode_shortcode_id=\u00bb200709&#8243;][\/vc_column][\/vc_row][vc_row row_height_percent=\u00bb0&#8243; override_padding=\u00bbyes\u00bb h_padding=\u00bb2&#8243; top_padding=\u00bb7&#8243; bottom_padding=\u00bb7&#8243; back_color=\u00bbcolor-lxmt\u00bb overlay_alpha=\u00bb50&#8243; gutter_size=\u00bb3&#8243; column_width_percent=\u00bb100&#8243; shift_y=\u00bb0&#8243; z_index=\u00bb0&#8243; uncode_shortcode_id=\u00bb135174&#8243; back_color_type=\u00bbuncode-palette\u00bb][vc_column column_width_percent=\u00bb100&#8243; gutter_size=\u00bb4&#8243; overlay_alpha=\u00bb50&#8243; shift_x=\u00bb0&#8243; shift_y=\u00bb0&#8243; shift_y_down=\u00bb0&#8243; z_index=\u00bb0&#8243; medium_width=\u00bb0&#8243; mobile_width=\u00bb0&#8243; width=\u00bb8\/12&#8243; uncode_shortcode_id=\u00bb862623&#8243;][vc_custom_heading heading_semantic=\u00bbh6&#8243; text_size=\u00bbbigtext\u00bb text_weight=\u00bb300&#8243; text_height=\u00bbfontheight-357766&#8243; text_space=\u00bbfontspace-111509&#8243; uncode_shortcode_id=\u00bb157217&#8243;]<\/p>\n<div style=\"width: 100%; max-width: 100%; overflow: hidden; display: block;\">\n<div style=\"text-align: left; margin: 0; padding: 0;\">\n<p style=\"font-size: 22px; font-weight: 300; line-height: 1.5; color: #333; margin-bottom: 20px; white-space: normal !important; display: block; width: 100%; word-wrap: break-word;\">Los creadores que participan en UAPA se inspiran en el pulso del tejido urbano. Su lente recorre desde las avenidas de Atenas hasta sus callejones m\u00e1s rec\u00f3nditos, y desde los atardeceres en las colinas hasta noches vibrantes de euforia, melancol\u00eda y reflexi\u00f3n.<\/p>\n<p style=\"font-size: 22px; font-weight: 300; line-height: 1.5; color: #333; margin-bottom: 20px; white-space: normal !important; display: block; width: 100%; word-wrap: break-word;\">A trav\u00e9s del Mirror Concept (Concepto Espejo), la exposici\u00f3n busca reciclar estas emociones puras, presentando no una imagen idealizada, sino el espectro completo de la metr\u00f3poli moderna.<\/p>\n<p style=\"font-size: 22px; font-weight: 300; line-height: 1.5; color: #333; white-space: normal !important; display: block; width: 100%; word-wrap: break-word;\">Nuestro objetivo es resaltar un microcosmos ateniense aut\u00e9ntico que se &#8216;refleja&#8217; en Barcelona, desencadenando un di\u00e1logo global sobre la experiencia de la vida urbana.<\/p>\n<\/div>\n<\/div>\n<p>[\/vc_custom_heading][\/vc_column][vc_column column_width_percent=\u00bb100&#8243; gutter_size=\u00bb3&#8243; overlay_alpha=\u00bb50&#8243; shift_x=\u00bb0&#8243; shift_y=\u00bb0&#8243; shift_y_down=\u00bb0&#8243; z_index=\u00bb0&#8243; medium_visibility=\u00bbyes\u00bb medium_width=\u00bb0&#8243; mobile_visibility=\u00bbyes\u00bb mobile_width=\u00bb0&#8243; width=\u00bb4\/12&#8243; uncode_shortcode_id=\u00bb207555&#8243;][\/vc_column][\/vc_row][vc_row unlock_row_content=\u00bbyes\u00bb row_height_percent=\u00bb0&#8243; override_padding=\u00bbyes\u00bb h_padding=\u00bb3&#8243; top_padding=\u00bb0&#8243; bottom_padding=\u00bb0&#8243; overlay_alpha=\u00bb100&#8243; gutter_size=\u00bb100&#8243; column_width_percent=\u00bb100&#8243; shift_y=\u00bb0&#8243; z_index=\u00bb0&#8243; enable_bottom_divider=\u00bbdefault\u00bb bottom_divider=\u00bbstep\u00bb shape_bottom_h_use_pixel=\u00bb\u00bb shape_bottom_height=\u00bb350&#8243; shape_bottom_color=\u00bbcolor-wayh\u00bb shape_bottom_opacity=\u00bb100&#8243; shape_bottom_index=\u00bb0&#8243; style=\u00bbinherited\u00bb uncode_shortcode_id=\u00bb333802&#8243; shape_bottom_color_type=\u00bbuncode-palette\u00bb][vc_column column_width_percent=\u00bb100&#8243; gutter_size=\u00bb3&#8243; overlay_alpha=\u00bb50&#8243; shift_x=\u00bb0&#8243; shift_y=\u00bb0&#8243; shift_y_down=\u00bb0&#8243; z_index=\u00bb0&#8243; medium_width=\u00bb0&#8243; mobile_width=\u00bb0&#8243; zoom_width=\u00bb0&#8243; zoom_height=\u00bb0&#8243; width=\u00bb1\/1&#8243;][uncode_index el_id=\u00bbindex-12&#8243; loop=\u00bborder_by:menu_order|order:DESC|post_type:portfolio|tax_query:103|taxonomy_count:10&#8243; style_preset=\u00bbmetro\u00bb screen_lg=\u00bb960&#8243; screen_md=\u00bb800&#8243; screen_sm=\u00bb100&#8243; gutter_size=\u00bb0&#8243; post_items=\u00bbtitle,media,text,link,author,date,category,extra\u00bb page_items=\u00bbtitle,media,text,category\u00bb product_items=\u00bbtitle,media,text,category,price\u00bb portfolio_items=\u00bbmedia|featured|onpost|poster\u00bb off_grid=\u00bbyes\u00bb off_grid_element=\u00bbcustom\u00bb off_grid_custom=\u00bb1,2&#8243; off_grid_val=\u00bb7&#8243; single_text=\u00bboverlay\u00bb single_width=\u00bb3&#8243; single_height=\u00bb3&#8243; single_overlay_color=\u00bbcolor-jevc\u00bb single_overlay_opacity=\u00bb10&#8243; single_overlay_anim=\u00bbno\u00bb single_text_anim=\u00bbno\u00bb single_h_align=\u00bbcenter\u00bb single_reduced=\u00bbthree_quarter\u00bb single_h_position=\u00bbcenter\u00bb single_padding=\u00bb3&#8243; single_text_reduced=\u00bbyes\u00bb single_title_family=\u00bbfont-377884&#8243; single_title_dimension=\u00bbh3&#8243; single_title_weight=\u00bb400&#8243; single_border=\u00bbyes\u00bb single_css_animation=\u00bbzoom-in\u00bb single_animation_delay=\u00bb200&#8243; post_matrix=\u00bbmatrix\u00bb matrix_amount=\u00bb3&#8243; custom_cursor=\u00bbaccent\u00bb single_image_anim_border=\u00bbyes\u00bb filtering_transform=\u00bbuppercase\u00bb carousel_rtl=\u00bb\u00bb single_title_uppercase=\u00bb\u00bb single_block_click=\u00bbyes\u00bb single_text_hover=\u00bbyes\u00bb single_title_bold=\u00bbyes\u00bb footer_position=\u00bbleft\u00bb order_ids=\u00bb4146,4081,4142,4078,4140,4089,4087,4085,4151,4069,4071,4154&#8243; matrix_items=\u00bbeyIwX2kiOnsic2luZ2xlX3dpZHRoIjoiNiIsInNpbmdsZV9oZWlnaHQiOiI2In19&#8243; uncode_shortcode_id=\u00bb913561&#8243;][\/vc_column][\/vc_row]<\/p>\n<\/div>","protected":false},"excerpt":{"rendered":"<p>[vc_row row_height_percent=\u00bb0&#8243; override_padding=\u00bbyes\u00bb h_padding=\u00bb2&#8243; top_padding=\u00bb3&#8243; bottom_padding=\u00bb3&#8243; back_color=\u00bbcolor-xsdn\u00bb overlay_alpha=\u00bb50&#8243; gutter_size=\u00bb4&#8243; column_width_percent=\u00bb100&#8243; shift_y=\u00bb0&#8243; z_index=\u00bb0&#8243; uncode_shortcode_id=\u00bb192355&#8243; back_color_type=\u00bbuncode-palette\u00bb][vc_column column_width_percent=\u00bb100&#8243; position_vertical=\u00bbbottom\u00bb align_horizontal=\u00bbalign_center\u00bb gutter_size=\u00bb0&#8243; overlay_alpha=\u00bb50&#8243; shift_x=\u00bb0&#8243; [&hellip;]<\/p>\n","protected":false},"author":1,"featured_media":103679,"parent":0,"menu_order":0,"comment_status":"closed","ping_status":"closed","template":"","meta":{"footnotes":""},"class_list":["post-103677","page","type-page","status-publish","has-post-thumbnail","hentry"],"_links":{"self":[{"href":"https:\/\/uap-athens.com\/es\/wp-json\/wp\/v2\/pages\/103677","targetHints":{"allow":["GET"]}}],"collection":[{"href":"https:\/\/uap-athens.com\/es\/wp-json\/wp\/v2\/pages"}],"about":[{"href":"https:\/\/uap-athens.com\/es\/wp-json\/wp\/v2\/types\/page"}],"author":[{"embeddable":true,"href":"https:\/\/uap-athens.com\/es\/wp-json\/wp\/v2\/users\/1"}],"replies":[{"embeddable":true,"href":"https:\/\/uap-athens.com\/es\/wp-json\/wp\/v2\/comments?post=103677"}],"version-history":[{"count":9,"href":"https:\/\/uap-athens.com\/es\/wp-json\/wp\/v2\/pages\/103677\/revisions"}],"predecessor-version":[{"id":104090,"href":"https:\/\/uap-athens.com\/es\/wp-json\/wp\/v2\/pages\/103677\/revisions\/104090"}],"wp:featuredmedia":[{"embeddable":true,"href":"https:\/\/uap-athens.com\/es\/wp-json\/wp\/v2\/media\/103679"}],"wp:attachment":[{"href":"https:\/\/uap-athens.com\/es\/wp-json\/wp\/v2\/media?parent=103677"}],"curies":[{"name":"wp","href":"https:\/\/api.w.org\/{rel}","templated":true}]}}