{"id":103683,"date":"2023-05-21T08:47:40","date_gmt":"2023-05-21T05:47:40","guid":{"rendered":"https:\/\/uap-athens.com\/participation\/"},"modified":"2026-04-17T17:59:02","modified_gmt":"2026-04-17T14:59:02","slug":"participacion","status":"publish","type":"page","link":"https:\/\/uap-athens.com\/es\/participacion\/","title":{"rendered":"PARTICIPACI\u00d3N"},"content":{"rendered":"<div class=\"wpb-content-wrapper\"><p>[vc_row unlock_row_content=\u00bbyes\u00bb row_height_percent=\u00bb70&#8243; override_padding=\u00bbyes\u00bb h_padding=\u00bb0&#8243; top_padding=\u00bb0&#8243; bottom_padding=\u00bb0&#8243; back_image=\u00bb103354&#8243; overlay_color=\u00bbcolor-lxmt\u00bb overlay_alpha=\u00bb90&#8243; equal_height=\u00bbyes\u00bb gutter_size=\u00bb0&#8243; column_width_percent=\u00bb100&#8243; shift_y=\u00bb0&#8243; z_index=\u00bb0&#8243; uncode_shortcode_id=\u00bb102678&#8243; overlay_color_type=\u00bbuncode-palette\u00bb][vc_column column_width_percent=\u00bb100&#8243; gutter_size=\u00bb3&#8243; override_padding=\u00bbyes\u00bb column_padding=\u00bb4&#8243; font_family=\u00bbfont-117339&#8243; overlay_alpha=\u00bb50&#8243; shift_x=\u00bb0&#8243; shift_y=\u00bb0&#8243; shift_y_down=\u00bb0&#8243; z_index=\u00bb0&#8243; medium_width=\u00bb4&#8243; mobile_width=\u00bb0&#8243; width=\u00bb1\/2&#8243; uncode_shortcode_id=\u00bb135124&#8243;][vc_custom_heading heading_semantic=\u00bbh1&#8243; text_size=\u00bbfontsize-155944&#8243; text_weight=\u00bb400&#8243; uncode_shortcode_id=\u00bb170448&#8243;]Convocatoria de Artistas: UAPA #2 \u2013 La \u0395nerg\u00eda de la \u039cetr\u00f3poli[\/vc_custom_heading][vc_custom_heading heading_semantic=\u00bbh1&#8243; text_size=\u00bbfontsize-319223&#8243; text_weight=\u00bb400&#8243; uncode_shortcode_id=\u00bb136026&#8243;]<\/p>\n<p style=\"text-align: justify;\">El \u00abKentro Technis\u00bb presenta una colaboraci\u00f3n fotogr\u00e1fica que sit\u00faa a Atenas en el centro de Barcelona. La idea del proyecto naci\u00f3 de las emociones encontradas que provoca la vida en la capital griega, pero ahora evoluciona hacia un \u00abespejo\u00bb art\u00edstico entre ambas metr\u00f3polis. Partiendo de la premisa de que las personas dan forma al paisaje urbano y el paisaje, a su vez, a ellas, el UAPA interviene en este ciclo perpetuo, redise\u00f1ando la relaci\u00f3n entre \u00abHumano &#8211; Arte &#8211; Ciudad\u00bb bajo un prisma mediterr\u00e1neo compartido.<\/p>\n<p style=\"text-align: justify;\">*En la exposici\u00f3n se expondr\u00e1n fotograf\u00edas de ambas ciudades.<\/p>\n<p style=\"text-align: justify;\">**Las fotograf\u00edas que se expondr\u00e1n en la exposici\u00f3n f\u00edsica ser\u00e1n seleccionadas por un jurado.<\/p>\n<p>[\/vc_custom_heading][vc_custom_heading heading_semantic=\u00bbh3&#8243; text_size=\u00bbfontsize-319223&#8243; text_weight=\u00bb400&#8243; uncode_shortcode_id=\u00bb138970&#8243;]<\/p>\n<ul>\n<li><strong>Solicitudes<\/strong>: <span style=\"font-weight: 400;\">Cada artista puede enviar fotos de ambas ciudades (Atenas y Barcelona) y presentar hasta tres solicitudes.<\/span><\/li>\n<li><strong>Cuotas<\/strong>: La inscripci\u00f3n es gratuita. La participaci\u00f3n final tendr\u00e1 un coste asociado.<\/li>\n<li><strong>Producci\u00f3n<\/strong>: Los gastos de impresi\u00f3n de las obras seleccionadas correr\u00e1n a cargo de la organizaci\u00f3n.<br \/>\nFechas: La exposici\u00f3n se llevar\u00e1 a cabo en octubre de 2026 en Barcelona.<\/li>\n<\/ul>\n<p>[\/vc_custom_heading][\/vc_column][vc_column column_width_percent=\u00bb100&#8243; gutter_size=\u00bb3&#8243; override_padding=\u00bbyes\u00bb column_padding=\u00bb5&#8243; font_family=\u00bbfont-117339&#8243; back_color=\u00bbcolor-xsdn\u00bb overlay_alpha=\u00bb50&#8243; shift_x=\u00bb0&#8243; shift_y=\u00bb0&#8243; shift_y_down=\u00bb0&#8243; z_index=\u00bb0&#8243; medium_width=\u00bb4&#8243; mobile_width=\u00bb0&#8243; width=\u00bb1\/2&#8243; uncode_shortcode_id=\u00bb176035&#8243; back_color_type=\u00bbuncode-palette\u00bb]\n<div class=\"wpcf7 no-js\" id=\"wpcf7-f16-o1\" lang=\"en-US\" dir=\"ltr\" data-wpcf7-id=\"16\">\n<div class=\"screen-reader-response\"><p role=\"status\" aria-live=\"polite\" aria-atomic=\"true\"><\/p> <ul><\/ul><\/div>\n<form action=\"\/es\/wp-json\/wp\/v2\/pages\/103683#wpcf7-f16-o1\" method=\"post\" class=\"wpcf7-form init input-background form-no-labels\" aria-label=\"Contact form\" enctype=\"multipart\/form-data\" novalidate=\"novalidate\" data-status=\"init\">\n<fieldset class=\"hidden-fields-container\"><input type=\"hidden\" name=\"_wpcf7\" value=\"16\" \/><input type=\"hidden\" name=\"_wpcf7_version\" value=\"6.1.5\" \/><input type=\"hidden\" name=\"_wpcf7_locale\" value=\"en_US\" \/><input type=\"hidden\" name=\"_wpcf7_unit_tag\" value=\"wpcf7-f16-o1\" \/><input type=\"hidden\" name=\"_wpcf7_container_post\" value=\"0\" \/><input type=\"hidden\" name=\"_wpcf7_posted_data_hash\" value=\"\" \/>\n<\/fieldset>\n<p><span class=\"wpcf7-form-control-wrap\" data-name=\"your-fullname\"><input size=\"40\" maxlength=\"400\" class=\"wpcf7-form-control wpcf7-text wpcf7-validates-as-required form-fluid\" aria-required=\"true\" aria-invalid=\"false\" placeholder=\"\u039f\u03bd\u03bf\u03bc\u03b1 \u039a\u03b1\u03bb\u03bb\u03b9\u03c4\u03ad\u03c7\u03bd\u03b7 \/ Artists Name\" value=\"\" type=\"text\" name=\"your-fullname\" \/><\/span>\n<\/p>\n<div class=\"wpcf7-inline-wrapper\">\n\t<p class=\"wpcf7-inline-field\"><span class=\"wpcf7-form-control-wrap\" data-name=\"your-email\"><input size=\"40\" maxlength=\"400\" class=\"wpcf7-form-control wpcf7-email wpcf7-validates-as-required wpcf7-text wpcf7-validates-as-email\" aria-required=\"true\" aria-invalid=\"false\" placeholder=\"Email\" value=\"\" type=\"email\" name=\"your-email\" \/><\/span>\n\t<\/p>\n\t<p class=\"wpcf7-inline-field\"><span class=\"wpcf7-form-control-wrap\" data-name=\"your-telephone\"><input size=\"40\" maxlength=\"400\" class=\"wpcf7-form-control wpcf7-text wpcf7-validates-as-required form-fluid\" aria-required=\"true\" aria-invalid=\"false\" placeholder=\"Phone\" value=\"\" type=\"text\" name=\"your-telephone\" \/><\/span>\n\t<\/p>\n<\/div>\n<p><span class=\"wpcf7-form-control-wrap\" data-name=\"your-fullname\"><input size=\"40\" maxlength=\"400\" class=\"wpcf7-form-control wpcf7-text form-fluid\" aria-invalid=\"false\" placeholder=\"Social Media Profile\" value=\"\" type=\"text\" name=\"your-fullname\" \/><\/span>\n<\/p>\n<p>\u0388\u03c7\u03b5\u03b9\u03c2 \u03be\u03b1\u03bd\u03b1\u03c3\u03c5\u03bc\u03bc\u03b5\u03c4\u03ac\u03c3\u03c7\u03b5\u03b9 \u03c3\u03b5 \u03ad\u03ba\u03b8\u03b5\u03c3\u03b7; \/ Have you ever participated in a photo exhibition?\n<\/p>\n<p><span class=\"wpcf7-form-control-wrap\" data-name=\"menu-640\"><select class=\"wpcf7-form-control wpcf7-select\" aria-invalid=\"false\" name=\"menu-640\"><option value=\"\u039d\u0391\u0399\/\u03a5\u0395\u03a3\">\u039d\u0391\u0399\/\u03a5\u0395\u03a3<\/option><option value=\"\u039f\u03a7\u0399\/\u039d\u039f\">\u039f\u03a7\u0399\/\u039d\u039f<\/option><\/select><\/span>\n<\/p>\n<p>\u039c\u03b5 \u03c0\u03bf\u03b9\u03b1 \u03b1\u03c0\u03cc \u03c4\u03b9\u03c2 \u03c0\u03b1\u03c1\u03b1\u03ba\u03ac\u03c4\u03c9 \u03ba\u03b1\u03c4\u03b7\u03b3\u03bf\u03c1\u03af\u03b5\u03c2 \u03b5\u03bd\u03b4\u03b9\u03b1\u03c6\u03ad\u03c1\u03b5\u03c3\u03b1\u03b9 \u03bd\u03b1 \u03c3\u03c5\u03bc\u03bc\u03b5\u03c4\u03ac\u03c3\u03c7\u03b5\u03b9\u03c2; \/ With which of the following categories are you intrested in participating?:\n<\/p>\n<p><span class=\"wpcf7-form-control-wrap\" data-name=\"report\"><span class=\"wpcf7-form-control wpcf7-checkbox contact-form-checkbox\"><span class=\"wpcf7-list-item first last\"><input type=\"checkbox\" name=\"report[]\" value=\"Portrait\/ \u03a0\u03bf\u03c1\u03c4\u03c1\u03ad\u03c4\u03bf \u03bc\u03b5 \u03c6\u03cc\u03bd\u03c4\u03bf \u03c4\u03b7\u03bd \u0391\u03b8\u03ae\u03bd\u03b1\" \/><span class=\"wpcf7-list-item-label\">Portrait\/ \u03a0\u03bf\u03c1\u03c4\u03c1\u03ad\u03c4\u03bf \u03bc\u03b5 \u03c6\u03cc\u03bd\u03c4\u03bf \u03c4\u03b7\u03bd \u0391\u03b8\u03ae\u03bd\u03b1<\/span><\/span><\/span><\/span>\n<\/p>\n<p><span class=\"wpcf7-form-control-wrap\" data-name=\"report-2\"><span class=\"wpcf7-form-control wpcf7-checkbox contact-form-checkbox\"><span class=\"wpcf7-list-item first last\"><input type=\"checkbox\" name=\"report-2[]\" value=\"Street Art\" \/><span class=\"wpcf7-list-item-label\">Street Art<\/span><\/span><\/span><\/span>\n<\/p>\n<p><span class=\"wpcf7-form-control-wrap\" data-name=\"report-3\"><span class=\"wpcf7-form-control wpcf7-checkbox contact-form-checkbox\"><span class=\"wpcf7-list-item first last\"><input type=\"checkbox\" name=\"report-3[]\" value=\"Traditional \/ \u03a0\u03b1\u03c1\u03ac\u03b4\u03bf\u03c3\u03b7\" \/><span class=\"wpcf7-list-item-label\">Traditional \/ \u03a0\u03b1\u03c1\u03ac\u03b4\u03bf\u03c3\u03b7<\/span><\/span><\/span><\/span>\n<\/p>\n<p><span class=\"wpcf7-form-control-wrap\" data-name=\"report-4\"><span class=\"wpcf7-form-control wpcf7-checkbox contact-form-checkbox\"><span class=\"wpcf7-list-item first last\"><input type=\"checkbox\" name=\"report-4[]\" value=\"Urban scapes \/ \u03a4\u03bf\u03c0\u03af\u03b1\" \/><span class=\"wpcf7-list-item-label\">Urban scapes \/ \u03a4\u03bf\u03c0\u03af\u03b1<\/span><\/span><\/span><\/span>\n<\/p>\n<p><span class=\"wpcf7-form-control-wrap\" data-name=\"report-5\"><span class=\"wpcf7-form-control wpcf7-checkbox contact-form-checkbox\"><span class=\"wpcf7-list-item first last\"><input type=\"checkbox\" name=\"report-5[]\" value=\"Documentary reportague\/\u03a1\u03b5\u03c0\u03bf\u03c1\u03c4\u03ac\u03b6\" \/><span class=\"wpcf7-list-item-label\">Documentary reportague\/\u03a1\u03b5\u03c0\u03bf\u03c1\u03c4\u03ac\u03b6<\/span><\/span><\/span><\/span>\n<\/p>\n<p><span class=\"wpcf7-form-control-wrap\" data-name=\"report-6\"><span class=\"wpcf7-form-control wpcf7-checkbox contact-form-checkbox\"><span class=\"wpcf7-list-item first last\"><input type=\"checkbox\" name=\"report-6[]\" value=\"Heritage\/\u03a0\u03bf\u03bb\u03b9\u03c4\u03b9\u03c3\u03c4\u03b9\u03ba\u03ae \u039a\u03bb\u03b7\u03c1\u03bf\u03bd\u03bf\u03bc\u03b9\u03ac\" \/><span class=\"wpcf7-list-item-label\">Heritage\/\u03a0\u03bf\u03bb\u03b9\u03c4\u03b9\u03c3\u03c4\u03b9\u03ba\u03ae \u039a\u03bb\u03b7\u03c1\u03bf\u03bd\u03bf\u03bc\u03b9\u03ac<\/span><\/span><\/span><\/span>\n<\/p>\n<p><span class=\"wpcf7-form-control-wrap\" data-name=\"report-7\"><span class=\"wpcf7-form-control wpcf7-checkbox contact-form-checkbox\"><span class=\"wpcf7-list-item first last\"><input type=\"checkbox\" name=\"report-7[]\" value=\"Abstract\" \/><span class=\"wpcf7-list-item-label\">Abstract<\/span><\/span><\/span><\/span>\n<\/p>\n<p>\u03a0\u03b1\u03c1\u03b1\u03ba\u03b1\u03bb\u03bf\u03cd\u03bc\u03b5 \u03b1\u03bd\u03b5\u03b2\u03ac\u03c3\u03c4\u03b5 \u03b4\u03b5\u03af\u03b3\u03bc\u03b1 \u03c4\u03b7\u03c2 \u03c6\u03c9\u03c4\u03bf\u03b3\u03c1\u03b1\u03c6\u03af\u03b1\u03c2 \u03c3\u03b1\u03c2. \/ Please upload a draft of your photo.<br \/>\n<span class=\"wpcf7-form-control-wrap\" data-name=\"file-969\"><input size=\"40\" class=\"wpcf7-form-control wpcf7-file btn-circle\" accept=\"audio\/*,video\/*,image\/*\" aria-invalid=\"false\" type=\"file\" name=\"file-969\" \/><\/span>\n<\/p>\n<p>\u0388\u03c7\u03b5\u03b9\u03c2 \u03ba\u03ac\u03c0\u03bf\u03b9\u03b1 \u03b5\u03c1\u03ce\u03c4\u03b7\u03c3\u03b7 \u03c0\u03c1\u03bf\u03c2 \u03c4\u03b7\u03bd \u03bf\u03bc\u03ac\u03b4\u03b1 \u03b4\u03b9\u03bf\u03c1\u03b3\u03ac\u03bd\u03c9\u03c3\u03b7\u03c2; \/ Do you have any questions for the team?\n<\/p>\n<p><span class=\"wpcf7-form-control-wrap\" data-name=\"your-message\"><textarea cols=\"40\" rows=\"10\" maxlength=\"2000\" class=\"wpcf7-form-control wpcf7-textarea\" aria-invalid=\"false\" name=\"your-message\"><\/textarea><\/span>\n<\/p>\n<p><span class=\"wpcf7-form-control-wrap\" data-name=\"accept-this-1\"><span class=\"wpcf7-form-control wpcf7-acceptance\"><span class=\"wpcf7-list-item\"><label><input type=\"checkbox\" name=\"accept-this-1\" value=\"1\" aria-invalid=\"false\" \/><span class=\"wpcf7-list-item-label\">Check here if you accept our terms (<a href=\"#\">Privacy Policy<\/a>)<\/span><\/label><\/span><\/span><\/span>\n<\/p>\n<p><input class=\"wpcf7-form-control wpcf7-submit has-spinner btn btn-accent\" type=\"submit\" value=\"Click the button\" \/>\n<\/p><div class=\"wpcf7-response-output\" aria-hidden=\"true\"><\/div>\n<\/form>\n<\/div>\n[\/vc_column][\/vc_row][vc_row row_height_percent=\u00bb0&#8243; override_padding=\u00bbyes\u00bb h_padding=\u00bb2&#8243; top_padding=\u00bb2&#8243; bottom_padding=\u00bb2&#8243; back_color=\u00bbcolor-xsdn\u00bb overlay_alpha=\u00bb50&#8243; gutter_size=\u00bb4&#8243; column_width_percent=\u00bb100&#8243; shift_y=\u00bb0&#8243; z_index=\u00bb0&#8243; uncode_shortcode_id=\u00bb527252&#8243; back_color_type=\u00bbuncode-palette\u00bb][vc_column column_width_percent=\u00bb100&#8243; position_vertical=\u00bbbottom\u00bb align_horizontal=\u00bbalign_center\u00bb gutter_size=\u00bb0&#8243; overlay_alpha=\u00bb50&#8243; shift_x=\u00bb0&#8243; shift_y=\u00bb0&#8243; shift_y_down=\u00bb0&#8243; z_index=\u00bb0&#8243; medium_width=\u00bb0&#8243; mobile_width=\u00bb0&#8243; css_animation=\u00bbalpha-anim\u00bb animation_speed=\u00bb1000&#8243; animation_delay=\u00bb200&#8243; width=\u00bb1\/1&#8243; uncode_shortcode_id=\u00bb118201&#8243;][vc_row_inner row_inner_height_percent=\u00bb0&#8243; overlay_alpha=\u00bb50&#8243; gutter_size=\u00bb4&#8243; shift_y=\u00bb0&#8243; z_index=\u00bb0&#8243; limit_content=\u00bb\u00bb uncode_shortcode_id=\u00bb174711&#8243;][vc_column_inner column_width_percent=\u00bb100&#8243; position_vertical=\u00bbbottom\u00bb gutter_size=\u00bb3&#8243; overlay_alpha=\u00bb50&#8243; shift_x=\u00bb0&#8243; shift_y=\u00bb0&#8243; shift_y_down=\u00bb0&#8243; z_index=\u00bb0&#8243; medium_width=\u00bb0&#8243; mobile_width=\u00bb0&#8243; width=\u00bb1\/1&#8243; uncode_shortcode_id=\u00bb200683&#8243;][vc_custom_heading text_color=\u00bbcolor-gyho\u00bb heading_semantic=\u00bbh6&#8243; text_size=\u00bbfontsize-338686&#8243; text_weight=\u00bb300&#8243; text_space=\u00bbfontspace-111509&#8243; css_animation=\u00bbmarquee\u00bb marquee_clone=\u00bbyes\u00bb marquee_speed=\u00bb0&#8243; uncode_shortcode_id=\u00bb127558&#8243; text_color_type=\u00bbuncode-palette\u00bb]Participaci\u00f3n -[\/vc_custom_heading][\/vc_column_inner][\/vc_row_inner][\/vc_column][\/vc_row]<\/p>\n<\/div>","protected":false},"excerpt":{"rendered":"<p>[vc_row unlock_row_content=\u00bbyes\u00bb row_height_percent=\u00bb70&#8243; override_padding=\u00bbyes\u00bb h_padding=\u00bb0&#8243; top_padding=\u00bb0&#8243; bottom_padding=\u00bb0&#8243; back_image=\u00bb103354&#8243; overlay_color=\u00bbcolor-lxmt\u00bb overlay_alpha=\u00bb90&#8243; equal_height=\u00bbyes\u00bb gutter_size=\u00bb0&#8243; column_width_percent=\u00bb100&#8243; shift_y=\u00bb0&#8243; z_index=\u00bb0&#8243; uncode_shortcode_id=\u00bb102678&#8243; overlay_color_type=\u00bbuncode-palette\u00bb][vc_column column_width_percent=\u00bb100&#8243; gutter_size=\u00bb3&#8243; override_padding=\u00bbyes\u00bb [&hellip;]<\/p>\n","protected":false},"author":1,"featured_media":0,"parent":0,"menu_order":0,"comment_status":"closed","ping_status":"closed","template":"","meta":{"footnotes":""},"class_list":["post-103683","page","type-page","status-publish","hentry"],"_links":{"self":[{"href":"https:\/\/uap-athens.com\/es\/wp-json\/wp\/v2\/pages\/103683","targetHints":{"allow":["GET"]}}],"collection":[{"href":"https:\/\/uap-athens.com\/es\/wp-json\/wp\/v2\/pages"}],"about":[{"href":"https:\/\/uap-athens.com\/es\/wp-json\/wp\/v2\/types\/page"}],"author":[{"embeddable":true,"href":"https:\/\/uap-athens.com\/es\/wp-json\/wp\/v2\/users\/1"}],"replies":[{"embeddable":true,"href":"https:\/\/uap-athens.com\/es\/wp-json\/wp\/v2\/comments?post=103683"}],"version-history":[{"count":9,"href":"https:\/\/uap-athens.com\/es\/wp-json\/wp\/v2\/pages\/103683\/revisions"}],"predecessor-version":[{"id":104095,"href":"https:\/\/uap-athens.com\/es\/wp-json\/wp\/v2\/pages\/103683\/revisions\/104095"}],"wp:attachment":[{"href":"https:\/\/uap-athens.com\/es\/wp-json\/wp\/v2\/media?parent=103683"}],"curies":[{"name":"wp","href":"https:\/\/api.w.org\/{rel}","templated":true}]}}