{"id":103709,"date":"2026-04-16T12:39:42","date_gmt":"2026-04-16T09:39:42","guid":{"rendered":"https:\/\/uap-athens.com\/?page_id=103709"},"modified":"2026-04-17T17:36:41","modified_gmt":"2026-04-17T14:36:41","slug":"sobre-uapa","status":"publish","type":"page","link":"https:\/\/uap-athens.com\/es\/sobre-uapa\/","title":{"rendered":"SOBRE UAPA"},"content":{"rendered":"<div class=\"wpb-content-wrapper\"><p>[vc_row row_height_percent=\u00bb0&#8243; override_padding=\u00bbyes\u00bb h_padding=\u00bb2&#8243; top_padding=\u00bb3&#8243; bottom_padding=\u00bb3&#8243; back_color=\u00bbcolor-xsdn\u00bb overlay_alpha=\u00bb50&#8243; gutter_size=\u00bb4&#8243; column_width_percent=\u00bb100&#8243; shift_y=\u00bb0&#8243; z_index=\u00bb0&#8243; uncode_shortcode_id=\u00bb192355&#8243; back_color_type=\u00bbuncode-palette\u00bb][vc_column column_width_percent=\u00bb100&#8243; position_vertical=\u00bbbottom\u00bb align_horizontal=\u00bbalign_center\u00bb gutter_size=\u00bb0&#8243; overlay_alpha=\u00bb50&#8243; shift_x=\u00bb0&#8243; shift_y=\u00bb0&#8243; shift_y_down=\u00bb0&#8243; z_index=\u00bb0&#8243; medium_width=\u00bb0&#8243; mobile_width=\u00bb0&#8243; css_animation=\u00bbalpha-anim\u00bb animation_speed=\u00bb1000&#8243; animation_delay=\u00bb200&#8243; width=\u00bb1\/1&#8243; uncode_shortcode_id=\u00bb118201&#8243;][vc_row_inner row_inner_height_percent=\u00bb0&#8243; overlay_alpha=\u00bb50&#8243; gutter_size=\u00bb4&#8243; shift_y=\u00bb0&#8243; z_index=\u00bb0&#8243; limit_content=\u00bb\u00bb uncode_shortcode_id=\u00bb174711&#8243;][vc_column_inner column_width_percent=\u00bb100&#8243; position_vertical=\u00bbbottom\u00bb gutter_size=\u00bb3&#8243; overlay_alpha=\u00bb50&#8243; shift_x=\u00bb0&#8243; shift_y=\u00bb0&#8243; shift_y_down=\u00bb0&#8243; z_index=\u00bb0&#8243; medium_width=\u00bb0&#8243; mobile_width=\u00bb0&#8243; width=\u00bb1\/1&#8243; uncode_shortcode_id=\u00bb200683&#8243;][vc_custom_heading text_color=\u00bbcolor-gyho\u00bb heading_semantic=\u00bbh6&#8243; text_size=\u00bbfontsize-338686&#8243; text_weight=\u00bb300&#8243; text_space=\u00bbfontspace-111509&#8243; css_animation=\u00bbmarquee\u00bb marquee_clone=\u00bbyes\u00bb uncode_shortcode_id=\u00bb153778&#8243; text_color_type=\u00bbuncode-palette\u00bb]About \u2014 UAPA \u2022[\/vc_custom_heading][\/vc_column_inner][\/vc_row_inner][\/vc_column][\/vc_row][vc_row row_height_percent=\u00bb0&#8243; override_padding=\u00bbyes\u00bb h_padding=\u00bb2&#8243; top_padding=\u00bb2&#8243; bottom_padding=\u00bb5&#8243; back_color=\u00bbcolor-xsdn\u00bb overlay_alpha=\u00bb50&#8243; gutter_size=\u00bb4&#8243; column_width_percent=\u00bb100&#8243; shift_y=\u00bb0&#8243; z_index=\u00bb0&#8243; uncode_shortcode_id=\u00bb668299&#8243; back_color_type=\u00bbuncode-palette\u00bb][vc_column column_width_percent=\u00bb100&#8243; gutter_size=\u00bb4&#8243; overlay_alpha=\u00bb50&#8243; shift_x=\u00bb0&#8243; shift_y=\u00bb0&#8243; shift_y_down=\u00bb0&#8243; z_index=\u00bb0&#8243; medium_width=\u00bb0&#8243; mobile_width=\u00bb0&#8243; width=\u00bb8\/12&#8243; uncode_shortcode_id=\u00bb156967&#8243;][vc_custom_heading text_size=\u00bbfontsize-155944&#8243; text_weight=\u00bb700&#8243; text_space=\u00bbfontspace-111509&#8243; uncode_shortcode_id=\u00bb101174&#8243;]\u00bfQu\u00e9 es UAPA? [\/vc_custom_heading][vc_custom_heading heading_semantic=\u00bbh6&#8243; text_size=\u00bbbigtext\u00bb text_weight=\u00bb300&#8243; text_height=\u00bbfontheight-357766&#8243; text_space=\u00bbfontspace-111509&#8243; uncode_shortcode_id=\u00bb132342&#8243;]La idea de UAPA naci\u00f3 de las emociones encontradas de la vida en Atenas, pero ahora evoluciona hacia un puente entre n\u00facleos urbanos. En cada parada, el ciclo Humano &#8211; Arte &#8211; Ciudad se expande: la exposici\u00f3n funciona como un espejo donde una metr\u00f3poli se refleja en la otra. Se invita al p\u00fablico a navegar entre similitudes y contrastes, participando en un di\u00e1logo que resalta la identidad del estilo de vida contempor\u00e1neo a trav\u00e9s de la fotograf\u00eda.[\/vc_custom_heading][\/vc_column][vc_column column_width_percent=\u00bb100&#8243; position_vertical=\u00bbbottom\u00bb gutter_size=\u00bb3&#8243; overlay_alpha=\u00bb50&#8243; shift_x=\u00bb0&#8243; shift_y=\u00bb0&#8243; shift_y_down=\u00bb0&#8243; z_index=\u00bb0&#8243; medium_width=\u00bb0&#8243; mobile_width=\u00bb0&#8243; width=\u00bb4\/12&#8243; uncode_shortcode_id=\u00bb722531&#8243;][vc_custom_heading heading_semantic=\u00bbh6&#8243; text_size=\u00bbbigtext\u00bb text_weight=\u00bb300&#8243; text_height=\u00bbfontheight-357766&#8243; text_space=\u00bbfontspace-111509&#8243; uncode_shortcode_id=\u00bb155851&#8243;]Las personas son el resultado de la ciudad que habitan y la ciudad el resultado de las personas que la integran. De este modo, el UAPA desea formar parte de este ciclo y realizar una retrospectiva sobre la relaci\u00f3n entre <strong>Humano &#8211; Arte &#8211; Ciudad.<\/strong>[\/vc_custom_heading][\/vc_column][\/vc_row][vc_row row_height_percent=\u00bb0&#8243; override_padding=\u00bbyes\u00bb h_padding=\u00bb2&#8243; top_padding=\u00bb7&#8243; bottom_padding=\u00bb7&#8243; back_color=\u00bbcolor-lxmt\u00bb overlay_alpha=\u00bb50&#8243; gutter_size=\u00bb3&#8243; column_width_percent=\u00bb100&#8243; shift_y=\u00bb0&#8243; z_index=\u00bb0&#8243; uncode_shortcode_id=\u00bb135174&#8243; back_color_type=\u00bbuncode-palette\u00bb][vc_column column_width_percent=\u00bb100&#8243; gutter_size=\u00bb4&#8243; overlay_alpha=\u00bb50&#8243; shift_x=\u00bb0&#8243; shift_y=\u00bb0&#8243; shift_y_down=\u00bb0&#8243; z_index=\u00bb0&#8243; medium_width=\u00bb0&#8243; mobile_width=\u00bb0&#8243; width=\u00bb8\/12&#8243; uncode_shortcode_id=\u00bb862623&#8243;][vc_custom_heading text_size=\u00bbfontsize-155944&#8243; text_weight=\u00bb700&#8243; text_space=\u00bbfontspace-111509&#8243; uncode_shortcode_id=\u00bb146383&#8243;]\u00bfPor qu\u00e9 UAPA? [\/vc_custom_heading][vc_custom_heading heading_semantic=\u00bbh6&#8243; text_size=\u00bbbigtext\u00bb text_weight=\u00bb300&#8243; text_height=\u00bbfontheight-357766&#8243; text_space=\u00bbfontspace-111509&#8243; uncode_shortcode_id=\u00bb502275&#8243;]UAPA tiene como objetivo presentar una miniatura aut\u00e9ntica de Atenas, forjando un di\u00e1logo art\u00edstico vibrante con cada ciudad anfitriona. Con la capital griega como punto de partida, el viaje contin\u00faa por Europa, teniendo a Barcelona como primera parada con la introducci\u00f3n del Mirror Concept.<br \/>\nSe trata de una estructura expositiva donde la energ\u00eda ateniense se encuentra con la mirada de Barcelona. A trav\u00e9s de una convocatoria abierta (Open Call) para creadores locales, la muestra se convierte en un espejo urbano: la identidad de Atenas se refleja en las calles de Barcelona, buscando los ritmos mediterr\u00e1neos comunes, las tensiones y las similitudes que unen a estos dos polos culturales.<br \/>\n[\/vc_custom_heading][\/vc_column][vc_column column_width_percent=\u00bb100&#8243; gutter_size=\u00bb3&#8243; overlay_alpha=\u00bb50&#8243; shift_x=\u00bb0&#8243; shift_y=\u00bb0&#8243; shift_y_down=\u00bb0&#8243; z_index=\u00bb0&#8243; medium_visibility=\u00bbyes\u00bb medium_width=\u00bb0&#8243; mobile_visibility=\u00bbyes\u00bb mobile_width=\u00bb0&#8243; width=\u00bb4\/12&#8243; uncode_shortcode_id=\u00bb207555&#8243;][\/vc_column][\/vc_row]<\/p>\n<\/div>","protected":false},"excerpt":{"rendered":"<p>[vc_row row_height_percent=\u00bb0&#8243; override_padding=\u00bbyes\u00bb h_padding=\u00bb2&#8243; top_padding=\u00bb3&#8243; bottom_padding=\u00bb3&#8243; back_color=\u00bbcolor-xsdn\u00bb overlay_alpha=\u00bb50&#8243; gutter_size=\u00bb4&#8243; column_width_percent=\u00bb100&#8243; shift_y=\u00bb0&#8243; z_index=\u00bb0&#8243; uncode_shortcode_id=\u00bb192355&#8243; back_color_type=\u00bbuncode-palette\u00bb][vc_column column_width_percent=\u00bb100&#8243; position_vertical=\u00bbbottom\u00bb align_horizontal=\u00bbalign_center\u00bb gutter_size=\u00bb0&#8243; overlay_alpha=\u00bb50&#8243; shift_x=\u00bb0&#8243; [&hellip;]<\/p>\n","protected":false},"author":19,"featured_media":0,"parent":0,"menu_order":0,"comment_status":"closed","ping_status":"closed","template":"","meta":{"footnotes":""},"class_list":["post-103709","page","type-page","status-publish","hentry"],"_links":{"self":[{"href":"https:\/\/uap-athens.com\/es\/wp-json\/wp\/v2\/pages\/103709","targetHints":{"allow":["GET"]}}],"collection":[{"href":"https:\/\/uap-athens.com\/es\/wp-json\/wp\/v2\/pages"}],"about":[{"href":"https:\/\/uap-athens.com\/es\/wp-json\/wp\/v2\/types\/page"}],"author":[{"embeddable":true,"href":"https:\/\/uap-athens.com\/es\/wp-json\/wp\/v2\/users\/19"}],"replies":[{"embeddable":true,"href":"https:\/\/uap-athens.com\/es\/wp-json\/wp\/v2\/comments?post=103709"}],"version-history":[{"count":10,"href":"https:\/\/uap-athens.com\/es\/wp-json\/wp\/v2\/pages\/103709\/revisions"}],"predecessor-version":[{"id":104073,"href":"https:\/\/uap-athens.com\/es\/wp-json\/wp\/v2\/pages\/103709\/revisions\/104073"}],"wp:attachment":[{"href":"https:\/\/uap-athens.com\/es\/wp-json\/wp\/v2\/media?parent=103709"}],"curies":[{"name":"wp","href":"https:\/\/api.w.org\/{rel}","templated":true}]}}